{"id":1160,"date":"2021-09-22T16:11:06","date_gmt":"2021-09-22T19:11:06","guid":{"rendered":"http:\/\/kgt.com.br\/novo\/?page_id=1160"},"modified":"2022-09-06T13:59:51","modified_gmt":"2022-09-06T16:59:51","slug":"quem-somos","status":"publish","type":"page","link":"https:\/\/kgt.com.br\/novo\/quem-somos\/","title":{"rendered":"Quem Somos"},"content":{"rendered":"\t\t<div data-elementor-type=\"wp-page\" data-elementor-id=\"1160\" class=\"elementor elementor-1160\">\n\t\t\t\t\t\t\t\t\t<section class=\"elementor-section elementor-top-section elementor-element elementor-element-6465922f elementor-section-full_width elementor-section-stretched elementor-section-height-min-height elementor-section-height-default elementor-section-items-middle\" data-id=\"6465922f\" data-element_type=\"section\" data-settings=\"{&quot;background_background&quot;:&quot;classic&quot;,&quot;stretch_section&quot;:&quot;section-stretched&quot;}\">\n\t\t\t\t\t\t\t<div class=\"elementor-background-overlay\"><\/div>\n\t\t\t\t\t\t\t<div class=\"elementor-container elementor-column-gap-default\">\n\t\t\t\t\t<div class=\"elementor-column elementor-col-50 elementor-top-column elementor-element elementor-element-5c327b73\" data-id=\"5c327b73\" data-element_type=\"column\" data-settings=\"{&quot;background_background&quot;:&quot;classic&quot;}\">\n\t\t\t<div class=\"elementor-widget-wrap elementor-element-populated\">\n\t\t\t\t\t\t\t\t<div class=\"elementor-element elementor-element-4e5559c elementor-widget elementor-widget-heading\" data-id=\"4e5559c\" data-element_type=\"widget\" data-widget_type=\"heading.default\">\n\t\t\t\t<div class=\"elementor-widget-container\">\n\t\t\t<h2 class=\"elementor-heading-title elementor-size-default\">Conhe\u00e7a mais<br> sobre a KGT<\/h2>\t\t<\/div>\n\t\t\t\t<\/div>\n\t\t\t\t<div class=\"elementor-element elementor-element-2bee4109 elementor-widget elementor-widget-text-editor\" data-id=\"2bee4109\" data-element_type=\"widget\" data-widget_type=\"text-editor.default\">\n\t\t\t\t<div class=\"elementor-widget-container\">\n\t\t\t\t\t\t\t<p>Somos um novo conceito<br \/>de consultoria.<\/p>\t\t\t\t\t\t<\/div>\n\t\t\t\t<\/div>\n\t\t\t\t\t<\/div>\n\t\t<\/div>\n\t\t\t\t<div class=\"elementor-column elementor-col-50 elementor-top-column elementor-element elementor-element-f6f08fa\" data-id=\"f6f08fa\" data-element_type=\"column\" data-settings=\"{&quot;background_background&quot;:&quot;classic&quot;}\">\n\t\t\t<div class=\"elementor-widget-wrap\">\n\t\t\t\t\t\t\t\t\t<\/div>\n\t\t<\/div>\n\t\t\t\t\t\t\t<\/div>\n\t\t<\/section>\n\t\t\t\t<section class=\"elementor-section elementor-top-section elementor-element elementor-element-237cadd elementor-section-boxed elementor-section-height-default elementor-section-height-default\" data-id=\"237cadd\" data-element_type=\"section\" data-settings=\"{&quot;background_background&quot;:&quot;classic&quot;}\">\n\t\t\t\t\t\t<div class=\"elementor-container elementor-column-gap-default\">\n\t\t\t\t\t<div class=\"elementor-column elementor-col-100 elementor-top-column elementor-element elementor-element-2bb65eb1\" data-id=\"2bb65eb1\" data-element_type=\"column\">\n\t\t\t<div class=\"elementor-widget-wrap elementor-element-populated\">\n\t\t\t\t\t\t\t\t<div class=\"elementor-element elementor-element-19589fde elementor-widget elementor-widget-heading\" data-id=\"19589fde\" data-element_type=\"widget\" data-widget_type=\"heading.default\">\n\t\t\t\t<div class=\"elementor-widget-container\">\n\t\t\t<h2 class=\"elementor-heading-title elementor-size-default\">Miss\u00e3o, Vis\u00e3o e Valores<\/h2>\t\t<\/div>\n\t\t\t\t<\/div>\n\t\t\t\t<div class=\"elementor-element elementor-element-7fbec39c elementor-widget-divider--view-line elementor-widget elementor-widget-divider\" data-id=\"7fbec39c\" data-element_type=\"widget\" data-widget_type=\"divider.default\">\n\t\t\t\t<div class=\"elementor-widget-container\">\n\t\t\t\t\t<div class=\"elementor-divider\">\n\t\t\t<span class=\"elementor-divider-separator\">\n\t\t\t\t\t\t<\/span>\n\t\t<\/div>\n\t\t\t\t<\/div>\n\t\t\t\t<\/div>\n\t\t\t\t<div class=\"elementor-element elementor-element-20ca2026 elementor-widget elementor-widget-text-editor\" data-id=\"20ca2026\" data-element_type=\"widget\" data-widget_type=\"text-editor.default\">\n\t\t\t\t<div class=\"elementor-widget-container\">\n\t\t\t\t\t\t\t<p>Porque somos diferentes<\/p>\t\t\t\t\t\t<\/div>\n\t\t\t\t<\/div>\n\t\t\t\t\t<\/div>\n\t\t<\/div>\n\t\t\t\t\t\t\t<\/div>\n\t\t<\/section>\n\t\t\t\t<section class=\"elementor-section elementor-top-section elementor-element elementor-element-2ff8493 elementor-section-boxed elementor-section-height-default elementor-section-height-default\" data-id=\"2ff8493\" data-element_type=\"section\" data-settings=\"{&quot;background_background&quot;:&quot;classic&quot;}\">\n\t\t\t\t\t\t<div class=\"elementor-container elementor-column-gap-default\">\n\t\t\t\t\t<div class=\"elementor-column elementor-col-100 elementor-top-column elementor-element elementor-element-ddb4a1b\" data-id=\"ddb4a1b\" data-element_type=\"column\">\n\t\t\t<div class=\"elementor-widget-wrap elementor-element-populated\">\n\t\t\t\t\t\t\t\t<div class=\"elementor-element elementor-element-9f4ba0d elementor-widget elementor-widget-spacer\" data-id=\"9f4ba0d\" data-element_type=\"widget\" data-widget_type=\"spacer.default\">\n\t\t\t\t<div class=\"elementor-widget-container\">\n\t\t\t\t\t<div class=\"elementor-spacer\">\n\t\t\t<div class=\"elementor-spacer-inner\"><\/div>\n\t\t<\/div>\n\t\t\t\t<\/div>\n\t\t\t\t<\/div>\n\t\t\t\t\t<\/div>\n\t\t<\/div>\n\t\t\t\t\t\t\t<\/div>\n\t\t<\/section>\n\t\t\t\t<section class=\"elementor-section elementor-top-section elementor-element elementor-element-2fe8188 elementor-section-boxed elementor-section-height-default elementor-section-height-default\" data-id=\"2fe8188\" data-element_type=\"section\" data-settings=\"{&quot;background_background&quot;:&quot;classic&quot;}\">\n\t\t\t\t\t\t<div class=\"elementor-container elementor-column-gap-default\">\n\t\t\t\t\t<div class=\"elementor-column elementor-col-33 elementor-top-column elementor-element elementor-element-d8e0456\" data-id=\"d8e0456\" data-element_type=\"column\">\n\t\t\t<div class=\"elementor-widget-wrap elementor-element-populated\">\n\t\t\t\t\t\t\t\t<div class=\"elementor-element elementor-element-6012d0a elementor-position-top elementor-vertical-align-top elementor-widget elementor-widget-image-box\" data-id=\"6012d0a\" data-element_type=\"widget\" data-widget_type=\"image-box.default\">\n\t\t\t\t<div class=\"elementor-widget-container\">\n\t\t\t<div class=\"elementor-image-box-wrapper\"><figure class=\"elementor-image-box-img\"><img width=\"130\" height=\"130\" src=\"https:\/\/kgt.com.br\/novo\/wp-content\/uploads\/2021\/03\/Group-29.png\" class=\"attachment-full size-full\" alt=\"\" loading=\"lazy\" \/><\/figure><div class=\"elementor-image-box-content\"><h3 class=\"elementor-image-box-title\">Miss\u00e3o<\/h3><p class=\"elementor-image-box-description\">Ser refer\u00eancia para o mercado empresarial como uma organiza\u00e7\u00e3o que atua de forma pr\u00f3-ativa, com excel\u00eancia t\u00e9cnica, e que possui a mais competente e preparada equipe de colaboradores com foco nos resultados que importem \u00e0 almejada satisfa\u00e7\u00e3o do cliente.<\/p><\/div><\/div>\t\t<\/div>\n\t\t\t\t<\/div>\n\t\t\t\t\t<\/div>\n\t\t<\/div>\n\t\t\t\t<div class=\"elementor-column elementor-col-33 elementor-top-column elementor-element elementor-element-4718977\" data-id=\"4718977\" data-element_type=\"column\">\n\t\t\t<div class=\"elementor-widget-wrap elementor-element-populated\">\n\t\t\t\t\t\t\t\t<div class=\"elementor-element elementor-element-2363bcf elementor-position-top elementor-vertical-align-top elementor-widget elementor-widget-image-box\" data-id=\"2363bcf\" data-element_type=\"widget\" data-widget_type=\"image-box.default\">\n\t\t\t\t<div class=\"elementor-widget-container\">\n\t\t\t<div class=\"elementor-image-box-wrapper\"><figure class=\"elementor-image-box-img\"><img width=\"130\" height=\"130\" src=\"https:\/\/kgt.com.br\/novo\/wp-content\/uploads\/2021\/03\/Group-31.png\" class=\"attachment-full size-full\" alt=\"\" loading=\"lazy\" \/><\/figure><div class=\"elementor-image-box-content\"><h3 class=\"elementor-image-box-title\">Vis\u00e3o<\/h3><p class=\"elementor-image-box-description\">Ser uma organiza\u00e7\u00e3o global, entre as mais admiradas do setor.\n\n<br>\n<br>\n<br>\n<br>\n<br>\n<br>\n\n\n<\/p><\/div><\/div>\t\t<\/div>\n\t\t\t\t<\/div>\n\t\t\t\t\t<\/div>\n\t\t<\/div>\n\t\t\t\t<div class=\"elementor-column elementor-col-33 elementor-top-column elementor-element elementor-element-3f580a4\" data-id=\"3f580a4\" data-element_type=\"column\">\n\t\t\t<div class=\"elementor-widget-wrap elementor-element-populated\">\n\t\t\t\t\t\t\t\t<div class=\"elementor-element elementor-element-cfa34e1 elementor-position-top elementor-vertical-align-top elementor-widget elementor-widget-image-box\" data-id=\"cfa34e1\" data-element_type=\"widget\" data-widget_type=\"image-box.default\">\n\t\t\t\t<div class=\"elementor-widget-container\">\n\t\t\t<div class=\"elementor-image-box-wrapper\"><figure class=\"elementor-image-box-img\"><img width=\"130\" height=\"130\" src=\"https:\/\/kgt.com.br\/novo\/wp-content\/uploads\/2021\/03\/Group-33.png\" class=\"attachment-full size-full\" alt=\"\" loading=\"lazy\" \/><\/figure><div class=\"elementor-image-box-content\"><h3 class=\"elementor-image-box-title\">Valores<\/h3><p class=\"elementor-image-box-description\">\u2022 Conhecimento<br>\n\u2022 Conduta \u00c9tica<br>\n\u2022 Profissionalismo<br>\n\u2022 Inova\u00e7\u00e3o<br>\n\u2022 Agilidade<br>\n\u2022 Flexibilidade<br>\n\u2022 Qualidade<br>\n\n<\/p><\/div><\/div>\t\t<\/div>\n\t\t\t\t<\/div>\n\t\t\t\t\t<\/div>\n\t\t<\/div>\n\t\t\t\t\t\t\t<\/div>\n\t\t<\/section>\n\t\t\t\t<section class=\"elementor-section elementor-top-section elementor-element elementor-element-c8278f9 elementor-section-boxed elementor-section-height-default elementor-section-height-default\" data-id=\"c8278f9\" data-element_type=\"section\" data-settings=\"{&quot;background_background&quot;:&quot;classic&quot;}\">\n\t\t\t\t\t\t<div class=\"elementor-container elementor-column-gap-default\">\n\t\t\t\t\t<div class=\"elementor-column elementor-col-100 elementor-top-column elementor-element elementor-element-3df7793\" data-id=\"3df7793\" data-element_type=\"column\">\n\t\t\t<div class=\"elementor-widget-wrap elementor-element-populated\">\n\t\t\t\t\t\t\t\t<div class=\"elementor-element elementor-element-a70da2e elementor-widget elementor-widget-spacer\" data-id=\"a70da2e\" data-element_type=\"widget\" data-widget_type=\"spacer.default\">\n\t\t\t\t<div class=\"elementor-widget-container\">\n\t\t\t\t\t<div class=\"elementor-spacer\">\n\t\t\t<div class=\"elementor-spacer-inner\"><\/div>\n\t\t<\/div>\n\t\t\t\t<\/div>\n\t\t\t\t<\/div>\n\t\t\t\t\t<\/div>\n\t\t<\/div>\n\t\t\t\t\t\t\t<\/div>\n\t\t<\/section>\n\t\t\t\t<section class=\"elementor-section elementor-top-section elementor-element elementor-element-a6fcfff elementor-section-full_width elementor-section-height-default elementor-section-height-default\" data-id=\"a6fcfff\" data-element_type=\"section\" data-settings=\"{&quot;background_background&quot;:&quot;classic&quot;}\">\n\t\t\t\t\t\t<div class=\"elementor-container elementor-column-gap-default\">\n\t\t\t\t\t<div class=\"elementor-column elementor-col-50 elementor-top-column elementor-element elementor-element-6c25aae\" data-id=\"6c25aae\" data-element_type=\"column\">\n\t\t\t<div class=\"elementor-widget-wrap elementor-element-populated\">\n\t\t\t\t\t\t\t\t<div class=\"elementor-element elementor-element-73c8cd4 elementor-widget elementor-widget-image\" data-id=\"73c8cd4\" data-element_type=\"widget\" data-widget_type=\"image.default\">\n\t\t\t\t<div class=\"elementor-widget-container\">\n\t\t\t\t\t\t\t\t\t\t\t\t\t\t\t<img width=\"768\" height=\"470\" src=\"https:\/\/kgt.com.br\/novo\/wp-content\/uploads\/2022\/01\/mini-banner-meio-compactada-768x470.jpg\" class=\"attachment-medium_large size-medium_large\" alt=\"\" loading=\"lazy\" srcset=\"https:\/\/kgt.com.br\/novo\/wp-content\/uploads\/2022\/01\/mini-banner-meio-compactada-768x470.jpg 768w, https:\/\/kgt.com.br\/novo\/wp-content\/uploads\/2022\/01\/mini-banner-meio-compactada-300x184.jpg 300w, https:\/\/kgt.com.br\/novo\/wp-content\/uploads\/2022\/01\/mini-banner-meio-compactada.jpg 800w\" sizes=\"(max-width: 768px) 100vw, 768px\" \/>\t\t\t\t\t\t\t\t\t\t\t\t\t\t\t<\/div>\n\t\t\t\t<\/div>\n\t\t\t\t\t<\/div>\n\t\t<\/div>\n\t\t\t\t<div class=\"elementor-column elementor-col-50 elementor-top-column elementor-element elementor-element-cff0040\" data-id=\"cff0040\" data-element_type=\"column\">\n\t\t\t<div class=\"elementor-widget-wrap elementor-element-populated\">\n\t\t\t\t\t\t\t\t<div class=\"elementor-element elementor-element-21af869 elementor-widget elementor-widget-heading\" data-id=\"21af869\" data-element_type=\"widget\" data-widget_type=\"heading.default\">\n\t\t\t\t<div class=\"elementor-widget-container\">\n\t\t\t<h2 class=\"elementor-heading-title elementor-size-default\">Sobre N\u00f3s<\/h2>\t\t<\/div>\n\t\t\t\t<\/div>\n\t\t\t\t<div class=\"elementor-element elementor-element-224fd60 elementor-widget elementor-widget-text-editor\" data-id=\"224fd60\" data-element_type=\"widget\" data-widget_type=\"text-editor.default\">\n\t\t\t\t<div class=\"elementor-widget-container\">\n\t\t\t\t\t\t\t<p>A KGT CONSULTORIA CONT\u00c1BIL, fundada em 1994, consolidou os seus trabalhos com know-how na presta\u00e7\u00e3o de servi\u00e7os cont\u00e1beis, dedicando atendimento personalizado \u00e0s Empresas Comerciais e Prestadoras de Servi\u00e7os, Cl\u00ednicas M\u00e9dicas, Entidades do Terceiro Setor e Profissionais Liberais. Este know-how est\u00e1 alicer\u00e7ado na forma\u00e7\u00e3o universit\u00e1ria dos seus s\u00f3cios e colaboradores, com os respectivos registros nos Conselhos de Classe, nas \u00e1reas de Contabilidade, Administra\u00e7\u00e3o, Economia, Direito e Rela\u00e7\u00f5es Internacionais<\/p>\t\t\t\t\t\t<\/div>\n\t\t\t\t<\/div>\n\t\t\t\t\t<\/div>\n\t\t<\/div>\n\t\t\t\t\t\t\t<\/div>\n\t\t<\/section>\n\t\t\t\t\t\t\t<\/div>\n\t\t","protected":false},"excerpt":{"rendered":"<p>Conhe\u00e7a mais sobre a KGT Somos um novo conceitode consultoria. Miss\u00e3o, Vis\u00e3o e Valores Porque somos diferentes Miss\u00e3o Ser refer\u00eancia para o mercado empresarial como uma organiza\u00e7\u00e3o que atua de forma pr\u00f3-ativa, com excel\u00eancia t\u00e9cnica, e que possui a mais competente e preparada equipe de colaboradores com foco nos resultados que importem \u00e0 almejada satisfa\u00e7\u00e3o [&hellip;]<\/p>\n","protected":false},"author":3,"featured_media":0,"parent":0,"menu_order":0,"comment_status":"closed","ping_status":"closed","template":"","meta":{"site-sidebar-layout":"no-sidebar","site-content-layout":"page-builder","ast-site-content-layout":"","site-content-style":"default","site-sidebar-style":"default","ast-global-header-display":"","ast-banner-title-visibility":"","ast-main-header-display":"","ast-hfb-above-header-display":"","ast-hfb-below-header-display":"","ast-hfb-mobile-header-display":"","site-post-title":"disabled","ast-breadcrumbs-content":"","ast-featured-img":"disabled","footer-sml-layout":"","theme-transparent-header-meta":"default","adv-header-id-meta":"","stick-header-meta":"","header-above-stick-meta":"","header-main-stick-meta":"","header-below-stick-meta":"","astra-migrate-meta-layouts":"default","ast-page-background-enabled":"default","ast-page-background-meta":{"desktop":{"background-color":"","background-image":"","background-repeat":"repeat","background-position":"center center","background-size":"auto","background-attachment":"scroll","background-type":"","background-media":"","overlay-type":"","overlay-color":"","overlay-opacity":"","overlay-gradient":""},"tablet":{"background-color":"","background-image":"","background-repeat":"repeat","background-position":"center center","background-size":"auto","background-attachment":"scroll","background-type":"","background-media":"","overlay-type":"","overlay-color":"","overlay-opacity":"","overlay-gradient":""},"mobile":{"background-color":"","background-image":"","background-repeat":"repeat","background-position":"center center","background-size":"auto","background-attachment":"scroll","background-type":"","background-media":"","overlay-type":"","overlay-color":"","overlay-opacity":"","overlay-gradient":""}},"ast-content-background-meta":{"desktop":{"background-color":"var(--ast-global-color-5)","background-image":"","background-repeat":"repeat","background-position":"center center","background-size":"auto","background-attachment":"scroll","background-type":"","background-media":"","overlay-type":"","overlay-color":"","overlay-opacity":"","overlay-gradient":""},"tablet":{"background-color":"var(--ast-global-color-5)","background-image":"","background-repeat":"repeat","background-position":"center center","background-size":"auto","background-attachment":"scroll","background-type":"","background-media":"","overlay-type":"","overlay-color":"","overlay-opacity":"","overlay-gradient":""},"mobile":{"background-color":"var(--ast-global-color-5)","background-image":"","background-repeat":"repeat","background-position":"center center","background-size":"auto","background-attachment":"scroll","background-type":"","background-media":"","overlay-type":"","overlay-color":"","overlay-opacity":"","overlay-gradient":""}}},"yoast_head":"<!-- This site is optimized with the Yoast SEO plugin v20.3 - https:\/\/yoast.com\/wordpress\/plugins\/seo\/ -->\n<title>Quem Somos - Consultoria Cont\u00e1bil para M\u00e9dicos<\/title>\n<meta name=\"robots\" content=\"index, follow, max-snippet:-1, max-image-preview:large, max-video-preview:-1\" \/>\n<link rel=\"canonical\" href=\"https:\/\/kgt.com.br\/novo\/quem-somos\/\" \/>\n<meta property=\"og:locale\" content=\"pt_BR\" \/>\n<meta property=\"og:type\" content=\"article\" \/>\n<meta property=\"og:title\" content=\"Quem Somos - Consultoria Cont\u00e1bil para M\u00e9dicos\" \/>\n<meta property=\"og:description\" content=\"Conhe\u00e7a mais sobre a KGT Somos um novo conceitode consultoria. Miss\u00e3o, Vis\u00e3o e Valores Porque somos diferentes Miss\u00e3o Ser refer\u00eancia para o mercado empresarial como uma organiza\u00e7\u00e3o que atua de forma pr\u00f3-ativa, com excel\u00eancia t\u00e9cnica, e que possui a mais competente e preparada equipe de colaboradores com foco nos resultados que importem \u00e0 almejada satisfa\u00e7\u00e3o [&hellip;]\" \/>\n<meta property=\"og:url\" content=\"https:\/\/kgt.com.br\/novo\/quem-somos\/\" \/>\n<meta property=\"og:site_name\" content=\"Consultoria Cont\u00e1bil para M\u00e9dicos\" \/>\n<meta property=\"article:modified_time\" content=\"2022-09-06T16:59:51+00:00\" \/>\n<meta property=\"og:image\" content=\"http:\/\/kgt.com.br\/novo\/wp-content\/uploads\/2021\/03\/Group-29.png\" \/>\n<meta name=\"twitter:card\" content=\"summary_large_image\" \/>\n<meta name=\"twitter:label1\" content=\"Est. tempo de leitura\" \/>\n\t<meta name=\"twitter:data1\" content=\"2 minutos\" \/>\n<script type=\"application\/ld+json\" class=\"yoast-schema-graph\">{\"@context\":\"https:\/\/schema.org\",\"@graph\":[{\"@type\":\"WebPage\",\"@id\":\"https:\/\/kgt.com.br\/novo\/quem-somos\/\",\"url\":\"https:\/\/kgt.com.br\/novo\/quem-somos\/\",\"name\":\"Quem Somos - Consultoria Cont\u00e1bil para M\u00e9dicos\",\"isPartOf\":{\"@id\":\"https:\/\/kgt.com.br\/novo\/#website\"},\"datePublished\":\"2021-09-22T19:11:06+00:00\",\"dateModified\":\"2022-09-06T16:59:51+00:00\",\"breadcrumb\":{\"@id\":\"https:\/\/kgt.com.br\/novo\/quem-somos\/#breadcrumb\"},\"inLanguage\":\"pt-BR\",\"potentialAction\":[{\"@type\":\"ReadAction\",\"target\":[\"https:\/\/kgt.com.br\/novo\/quem-somos\/\"]}]},{\"@type\":\"BreadcrumbList\",\"@id\":\"https:\/\/kgt.com.br\/novo\/quem-somos\/#breadcrumb\",\"itemListElement\":[{\"@type\":\"ListItem\",\"position\":1,\"name\":\"In\u00edcio\",\"item\":\"http:\/\/kgt.com.br\/novo\/\"},{\"@type\":\"ListItem\",\"position\":2,\"name\":\"Quem Somos\"}]},{\"@type\":\"WebSite\",\"@id\":\"https:\/\/kgt.com.br\/novo\/#website\",\"url\":\"https:\/\/kgt.com.br\/novo\/\",\"name\":\"Consultoria Cont\u00e1bil para M\u00e9dicos\",\"description\":\"\",\"publisher\":{\"@id\":\"https:\/\/kgt.com.br\/novo\/#organization\"},\"potentialAction\":[{\"@type\":\"SearchAction\",\"target\":{\"@type\":\"EntryPoint\",\"urlTemplate\":\"https:\/\/kgt.com.br\/novo\/?s={search_term_string}\"},\"query-input\":\"required name=search_term_string\"}],\"inLanguage\":\"pt-BR\"},{\"@type\":\"Organization\",\"@id\":\"https:\/\/kgt.com.br\/novo\/#organization\",\"name\":\"Consultoria Cont\u00e1bil para M\u00e9dicos\",\"url\":\"https:\/\/kgt.com.br\/novo\/\",\"logo\":{\"@type\":\"ImageObject\",\"inLanguage\":\"pt-BR\",\"@id\":\"https:\/\/kgt.com.br\/novo\/#\/schema\/logo\/image\/\",\"url\":\"https:\/\/kgt.com.br\/novo\/wp-content\/uploads\/2021\/03\/cropped-cropped-Logo.png\",\"contentUrl\":\"https:\/\/kgt.com.br\/novo\/wp-content\/uploads\/2021\/03\/cropped-cropped-Logo.png\",\"width\":107,\"height\":57,\"caption\":\"Consultoria Cont\u00e1bil para M\u00e9dicos\"},\"image\":{\"@id\":\"https:\/\/kgt.com.br\/novo\/#\/schema\/logo\/image\/\"}}]}<\/script>\n<!-- \/ Yoast SEO plugin. -->","yoast_head_json":{"title":"Quem Somos - Consultoria Cont\u00e1bil para M\u00e9dicos","robots":{"index":"index","follow":"follow","max-snippet":"max-snippet:-1","max-image-preview":"max-image-preview:large","max-video-preview":"max-video-preview:-1"},"canonical":"https:\/\/kgt.com.br\/novo\/quem-somos\/","og_locale":"pt_BR","og_type":"article","og_title":"Quem Somos - Consultoria Cont\u00e1bil para M\u00e9dicos","og_description":"Conhe\u00e7a mais sobre a KGT Somos um novo conceitode consultoria. Miss\u00e3o, Vis\u00e3o e Valores Porque somos diferentes Miss\u00e3o Ser refer\u00eancia para o mercado empresarial como uma organiza\u00e7\u00e3o que atua de forma pr\u00f3-ativa, com excel\u00eancia t\u00e9cnica, e que possui a mais competente e preparada equipe de colaboradores com foco nos resultados que importem \u00e0 almejada satisfa\u00e7\u00e3o [&hellip;]","og_url":"https:\/\/kgt.com.br\/novo\/quem-somos\/","og_site_name":"Consultoria Cont\u00e1bil para M\u00e9dicos","article_modified_time":"2022-09-06T16:59:51+00:00","og_image":[{"url":"http:\/\/kgt.com.br\/novo\/wp-content\/uploads\/2021\/03\/Group-29.png"}],"twitter_card":"summary_large_image","twitter_misc":{"Est. tempo de leitura":"2 minutos"},"schema":{"@context":"https:\/\/schema.org","@graph":[{"@type":"WebPage","@id":"https:\/\/kgt.com.br\/novo\/quem-somos\/","url":"https:\/\/kgt.com.br\/novo\/quem-somos\/","name":"Quem Somos - Consultoria Cont\u00e1bil para M\u00e9dicos","isPartOf":{"@id":"https:\/\/kgt.com.br\/novo\/#website"},"datePublished":"2021-09-22T19:11:06+00:00","dateModified":"2022-09-06T16:59:51+00:00","breadcrumb":{"@id":"https:\/\/kgt.com.br\/novo\/quem-somos\/#breadcrumb"},"inLanguage":"pt-BR","potentialAction":[{"@type":"ReadAction","target":["https:\/\/kgt.com.br\/novo\/quem-somos\/"]}]},{"@type":"BreadcrumbList","@id":"https:\/\/kgt.com.br\/novo\/quem-somos\/#breadcrumb","itemListElement":[{"@type":"ListItem","position":1,"name":"In\u00edcio","item":"http:\/\/kgt.com.br\/novo\/"},{"@type":"ListItem","position":2,"name":"Quem Somos"}]},{"@type":"WebSite","@id":"https:\/\/kgt.com.br\/novo\/#website","url":"https:\/\/kgt.com.br\/novo\/","name":"Consultoria Cont\u00e1bil para M\u00e9dicos","description":"","publisher":{"@id":"https:\/\/kgt.com.br\/novo\/#organization"},"potentialAction":[{"@type":"SearchAction","target":{"@type":"EntryPoint","urlTemplate":"https:\/\/kgt.com.br\/novo\/?s={search_term_string}"},"query-input":"required name=search_term_string"}],"inLanguage":"pt-BR"},{"@type":"Organization","@id":"https:\/\/kgt.com.br\/novo\/#organization","name":"Consultoria Cont\u00e1bil para M\u00e9dicos","url":"https:\/\/kgt.com.br\/novo\/","logo":{"@type":"ImageObject","inLanguage":"pt-BR","@id":"https:\/\/kgt.com.br\/novo\/#\/schema\/logo\/image\/","url":"https:\/\/kgt.com.br\/novo\/wp-content\/uploads\/2021\/03\/cropped-cropped-Logo.png","contentUrl":"https:\/\/kgt.com.br\/novo\/wp-content\/uploads\/2021\/03\/cropped-cropped-Logo.png","width":107,"height":57,"caption":"Consultoria Cont\u00e1bil para M\u00e9dicos"},"image":{"@id":"https:\/\/kgt.com.br\/novo\/#\/schema\/logo\/image\/"}}]}},"_links":{"self":[{"href":"https:\/\/kgt.com.br\/novo\/wp-json\/wp\/v2\/pages\/1160"}],"collection":[{"href":"https:\/\/kgt.com.br\/novo\/wp-json\/wp\/v2\/pages"}],"about":[{"href":"https:\/\/kgt.com.br\/novo\/wp-json\/wp\/v2\/types\/page"}],"author":[{"embeddable":true,"href":"https:\/\/kgt.com.br\/novo\/wp-json\/wp\/v2\/users\/3"}],"replies":[{"embeddable":true,"href":"https:\/\/kgt.com.br\/novo\/wp-json\/wp\/v2\/comments?post=1160"}],"version-history":[{"count":85,"href":"https:\/\/kgt.com.br\/novo\/wp-json\/wp\/v2\/pages\/1160\/revisions"}],"predecessor-version":[{"id":1776,"href":"https:\/\/kgt.com.br\/novo\/wp-json\/wp\/v2\/pages\/1160\/revisions\/1776"}],"wp:attachment":[{"href":"https:\/\/kgt.com.br\/novo\/wp-json\/wp\/v2\/media?parent=1160"}],"curies":[{"name":"wp","href":"https:\/\/api.w.org\/{rel}","templated":true}]}}